{"id":619,"date":"2022-04-25T01:40:02","date_gmt":"2022-04-25T01:40:02","guid":{"rendered":"https:\/\/architect.oceanwp.org\/?page_id=619"},"modified":"2024-02-02T07:35:48","modified_gmt":"2024-02-02T07:35:48","slug":"descargas","status":"publish","type":"page","link":"https:\/\/imagingshop.es\/?page_id=619","title":{"rendered":"Descargas"},"content":{"rendered":"<style>\/*! elementor - v3.13.3 - 28-05-2023 *\/\n.elementor-heading-title{padding:0;margin:0;line-height:1}.elementor-widget-heading .elementor-heading-title[class*=elementor-size-]>a{color:inherit;font-size:inherit;line-height:inherit}.elementor-widget-heading .elementor-heading-title.elementor-size-small{font-size:15px}.elementor-widget-heading .elementor-heading-title.elementor-size-medium{font-size:19px}.elementor-widget-heading .elementor-heading-title.elementor-size-large{font-size:29px}.elementor-widget-heading .elementor-heading-title.elementor-size-xl{font-size:39px}.elementor-widget-heading .elementor-heading-title.elementor-size-xxl{font-size:59px}<\/style>\n<h3>Aqu\u00ed podr\u00e1s encontrar el cat\u00e1logo de todos nuestros productos y servicios que est\u00e1n a tu disposici\u00f3n.<\/p>\n<p><\/h3>\n<p>\t\t\t<a href=\"https:\/\/imagingshop.es\/wp-content\/uploads\/2024\/02\/catalogo-imprenta.zip\" role=\"button\"><br \/>\n\t\t\t\t\t\tPINCHA AQUI PARA INICIAR LA DESCARGA<br \/>\n\t\t\t\t\t<\/a><\/p>\n","protected":false},"excerpt":{"rendered":"<p>Aqu\u00ed podr\u00e1s encontrar el cat\u00e1logo de todos nuestros productos y servicios que est\u00e1n a tu disposici\u00f3n. PINCHA AQUI PARA INICIAR LA DESCARGA<\/p>\n","protected":false},"author":1,"featured_media":0,"parent":0,"menu_order":0,"comment_status":"closed","ping_status":"closed","template":"","meta":{"footnotes":""},"_links":{"self":[{"href":"https:\/\/imagingshop.es\/index.php?rest_route=\/wp\/v2\/pages\/619"}],"collection":[{"href":"https:\/\/imagingshop.es\/index.php?rest_route=\/wp\/v2\/pages"}],"about":[{"href":"https:\/\/imagingshop.es\/index.php?rest_route=\/wp\/v2\/types\/page"}],"author":[{"embeddable":true,"href":"https:\/\/imagingshop.es\/index.php?rest_route=\/wp\/v2\/users\/1"}],"replies":[{"embeddable":true,"href":"https:\/\/imagingshop.es\/index.php?rest_route=%2Fwp%2Fv2%2Fcomments&post=619"}],"version-history":[{"count":14,"href":"https:\/\/imagingshop.es\/index.php?rest_route=\/wp\/v2\/pages\/619\/revisions"}],"predecessor-version":[{"id":1226,"href":"https:\/\/imagingshop.es\/index.php?rest_route=\/wp\/v2\/pages\/619\/revisions\/1226"}],"wp:attachment":[{"href":"https:\/\/imagingshop.es\/index.php?rest_route=%2Fwp%2Fv2%2Fmedia&parent=619"}],"curies":[{"name":"wp","href":"https:\/\/api.w.org\/{rel}","templated":true}]}}