{"id":465,"date":"2022-04-24T22:08:46","date_gmt":"2022-04-24T22:08:46","guid":{"rendered":"https:\/\/architect.oceanwp.org\/?page_id=465"},"modified":"2024-02-01T20:14:04","modified_gmt":"2024-02-01T20:14:04","slug":"home","status":"publish","type":"page","link":"https:\/\/imagingshop.es\/","title":{"rendered":"Home"},"content":{"rendered":"<style>\/*! elementor - v3.13.3 - 28-05-2023 *\/\n.elementor-heading-title{padding:0;margin:0;line-height:1}.elementor-widget-heading .elementor-heading-title[class*=elementor-size-]>a{color:inherit;font-size:inherit;line-height:inherit}.elementor-widget-heading .elementor-heading-title.elementor-size-small{font-size:15px}.elementor-widget-heading .elementor-heading-title.elementor-size-medium{font-size:19px}.elementor-widget-heading .elementor-heading-title.elementor-size-large{font-size:29px}.elementor-widget-heading .elementor-heading-title.elementor-size-xl{font-size:39px}.elementor-widget-heading .elementor-heading-title.elementor-size-xxl{font-size:59px}<\/style>\n<h1>SERVICIOS DE IMPRESION<\/h1>\n<h2>Especialista en soluciones de impresi\u00f3n personalizadas<\/h2>\n<style>\/*! elementor - v3.13.3 - 28-05-2023 *\/\nbody.elementor-page .elementor-widget-menu-anchor{margin-bottom:0}<\/style>\n<style>\/*! elementor - v3.13.3 - 28-05-2023 *\/\n.elementor-column .elementor-spacer-inner{height:var(--spacer-size)}.e-con{--container-widget-width:100%}.e-con-inner>.elementor-widget-spacer,.e-con>.elementor-widget-spacer{width:var(--container-widget-width,var(--spacer-size));--align-self:var(--container-widget-align-self,initial);--flex-shrink:0}.e-con-inner>.elementor-widget-spacer>.elementor-widget-container,.e-con-inner>.elementor-widget-spacer>.elementor-widget-container>.elementor-spacer,.e-con>.elementor-widget-spacer>.elementor-widget-container,.e-con>.elementor-widget-spacer>.elementor-widget-container>.elementor-spacer{height:100%}.e-con-inner>.elementor-widget-spacer>.elementor-widget-container>.elementor-spacer>.elementor-spacer-inner,.e-con>.elementor-widget-spacer>.elementor-widget-container>.elementor-spacer>.elementor-spacer-inner{height:var(--container-widget-height,var(--spacer-size))}<\/style>\n<style>\/*! elementor - v3.13.3 - 28-05-2023 *\/\n.elementor-widget-image{text-align:center}.elementor-widget-image a{display:inline-block}.elementor-widget-image a img[src$=\".svg\"]{width:48px}.elementor-widget-image img{vertical-align:middle;display:inline-block}<\/style>\n<p>\t\t\t\t\t\t\t\t\t\t\t\t<img decoding=\"async\" width=\"2560\" height=\"1706\" src=\"https:\/\/imagingshop.es\/wp-content\/uploads\/2023\/06\/hombre-que-trabajaba-imprenta-papel-pinturas-scaled.jpg\" alt=\"\" loading=\"lazy\" srcset=\"https:\/\/imagingshop.es\/wp-content\/uploads\/2023\/06\/hombre-que-trabajaba-imprenta-papel-pinturas-scaled.jpg 2560w, https:\/\/imagingshop.es\/wp-content\/uploads\/2023\/06\/hombre-que-trabajaba-imprenta-papel-pinturas-300x200.jpg 300w, https:\/\/imagingshop.es\/wp-content\/uploads\/2023\/06\/hombre-que-trabajaba-imprenta-papel-pinturas-1024x683.jpg 1024w, https:\/\/imagingshop.es\/wp-content\/uploads\/2023\/06\/hombre-que-trabajaba-imprenta-papel-pinturas-768x512.jpg 768w, https:\/\/imagingshop.es\/wp-content\/uploads\/2023\/06\/hombre-que-trabajaba-imprenta-papel-pinturas-1536x1024.jpg 1536w, https:\/\/imagingshop.es\/wp-content\/uploads\/2023\/06\/hombre-que-trabajaba-imprenta-papel-pinturas-2048x1365.jpg 2048w\" sizes=\"(max-width: 2560px) 100vw, 2560px\" \/>\t\t\t\t\t\t\t\t\t\t\t\t\t\t\t<\/p>\n<style>\/*! elementor - v3.13.3 - 28-05-2023 *\/\n.elementor-widget-divider{--divider-border-style:none;--divider-border-width:1px;--divider-color:#0c0d0e;--divider-icon-size:20px;--divider-element-spacing:10px;--divider-pattern-height:24px;--divider-pattern-size:20px;--divider-pattern-url:none;--divider-pattern-repeat:repeat-x}.elementor-widget-divider .elementor-divider{display:flex}.elementor-widget-divider .elementor-divider__text{font-size:15px;line-height:1;max-width:95%}.elementor-widget-divider .elementor-divider__element{margin:0 var(--divider-element-spacing);flex-shrink:0}.elementor-widget-divider .elementor-icon{font-size:var(--divider-icon-size)}.elementor-widget-divider .elementor-divider-separator{display:flex;margin:0;direction:ltr}.elementor-widget-divider--view-line_icon .elementor-divider-separator,.elementor-widget-divider--view-line_text .elementor-divider-separator{align-items:center}.elementor-widget-divider--view-line_icon .elementor-divider-separator:after,.elementor-widget-divider--view-line_icon .elementor-divider-separator:before,.elementor-widget-divider--view-line_text .elementor-divider-separator:after,.elementor-widget-divider--view-line_text .elementor-divider-separator:before{display:block;content:\"\";border-bottom:0;flex-grow:1;border-top:var(--divider-border-width) var(--divider-border-style) var(--divider-color)}.elementor-widget-divider--element-align-left .elementor-divider .elementor-divider-separator>.elementor-divider__svg:first-of-type{flex-grow:0;flex-shrink:100}.elementor-widget-divider--element-align-left .elementor-divider-separator:before{content:none}.elementor-widget-divider--element-align-left .elementor-divider__element{margin-left:0}.elementor-widget-divider--element-align-right .elementor-divider .elementor-divider-separator>.elementor-divider__svg:last-of-type{flex-grow:0;flex-shrink:100}.elementor-widget-divider--element-align-right .elementor-divider-separator:after{content:none}.elementor-widget-divider--element-align-right .elementor-divider__element{margin-right:0}.elementor-widget-divider:not(.elementor-widget-divider--view-line_text):not(.elementor-widget-divider--view-line_icon) .elementor-divider-separator{border-top:var(--divider-border-width) var(--divider-border-style) var(--divider-color)}.elementor-widget-divider--separator-type-pattern{--divider-border-style:none}.elementor-widget-divider--separator-type-pattern.elementor-widget-divider--view-line .elementor-divider-separator,.elementor-widget-divider--separator-type-pattern:not(.elementor-widget-divider--view-line) .elementor-divider-separator:after,.elementor-widget-divider--separator-type-pattern:not(.elementor-widget-divider--view-line) .elementor-divider-separator:before,.elementor-widget-divider--separator-type-pattern:not([class*=elementor-widget-divider--view]) .elementor-divider-separator{width:100%;min-height:var(--divider-pattern-height);-webkit-mask-size:var(--divider-pattern-size) 100%;mask-size:var(--divider-pattern-size) 100%;-webkit-mask-repeat:var(--divider-pattern-repeat);mask-repeat:var(--divider-pattern-repeat);background-color:var(--divider-color);-webkit-mask-image:var(--divider-pattern-url);mask-image:var(--divider-pattern-url)}.elementor-widget-divider--no-spacing{--divider-pattern-size:auto}.elementor-widget-divider--bg-round{--divider-pattern-repeat:round}.rtl .elementor-widget-divider .elementor-divider__text{direction:rtl}.e-con-inner>.elementor-widget-divider,.e-con>.elementor-widget-divider{width:var(--container-widget-width,100%);--flex-grow:var(--container-widget-flex-grow)}<\/style>\n<p>   Facilitamos asesor\u00eda empresarial especializada para reducir y optimizar los gastos relacionados con material impreso en diversos formatos, soportes y tama\u00f1os. Adem\u00e1s, nos encargamos de la formulaci\u00f3n y gesti\u00f3n de presupuestos de impresi\u00f3n.<\/p>\n<h2>Excelencia<br \/>\n\u2014<br \/>\ninnovaci\u00f3n<br \/>\n\u2014<br \/>\nCalidad<\/h2>\n<h2>Ofrecemos asesoramiento profesional, atenci\u00f3n personalizada, as\u00ed como tambi\u00e9n productos y servicios adaptados a las necesidades de cada cliente.<\/h2>\n<p>   Ponemos a tu disposici\u00f3n una extensa gama de formatos, dimensiones y materiales de impresi\u00f3n a precios altamente competitivos, garantizando plazos de entrega r\u00e1pidos y eficientes.<\/p>\n<p>\t\t\t\t\t\t\t\t\t\t\t\t\t\t\t<img decoding=\"async\" width=\"600\" height=\"600\" src=\"https:\/\/imagingshop.es\/wp-content\/uploads\/2023\/06\/exito-empresarial-tecnologia-equipos-modernos-generados-ia-600x600.jpg\" alt=\"\" loading=\"lazy\" srcset=\"https:\/\/imagingshop.es\/wp-content\/uploads\/2023\/06\/exito-empresarial-tecnologia-equipos-modernos-generados-ia-600x600.jpg 600w, https:\/\/imagingshop.es\/wp-content\/uploads\/2023\/06\/exito-empresarial-tecnologia-equipos-modernos-generados-ia-150x150.jpg 150w\" sizes=\"(max-width: 600px) 100vw, 600px\" \/>\t\t\t\t\t\t\t\t\t\t\t\t\t\t\t<\/p>\n<h2>cont\u00e1ctanos<\/h2>\n<p><strong><br \/>\nE-Mail: <\/strong> info@imagingshop.es<br \/>\n<strong><br \/>\n<\/strong><b>Tel\u00e9fono: <\/b>648 828 636<\/p>\n","protected":false},"excerpt":{"rendered":"<p>SERVICIOS DE IMPRESION Especialista en soluciones de impresi\u00f3n personalizadas Facilitamos asesor\u00eda empresarial especializada para reducir y optimizar los gastos relacionados con material impreso en diversos formatos, soportes y tama\u00f1os. Adem\u00e1s, nos encargamos de la formulaci\u00f3n y gesti\u00f3n de presupuestos de impresi\u00f3n. Excelencia \u2014 innovaci\u00f3n \u2014 Calidad Ofrecemos asesoramiento profesional, atenci\u00f3n personalizada, as\u00ed como tambi\u00e9n productos [&hellip;]<\/p>\n","protected":false},"author":1,"featured_media":0,"parent":0,"menu_order":0,"comment_status":"closed","ping_status":"closed","template":"","meta":{"footnotes":""},"_links":{"self":[{"href":"https:\/\/imagingshop.es\/index.php?rest_route=\/wp\/v2\/pages\/465"}],"collection":[{"href":"https:\/\/imagingshop.es\/index.php?rest_route=\/wp\/v2\/pages"}],"about":[{"href":"https:\/\/imagingshop.es\/index.php?rest_route=\/wp\/v2\/types\/page"}],"author":[{"embeddable":true,"href":"https:\/\/imagingshop.es\/index.php?rest_route=\/wp\/v2\/users\/1"}],"replies":[{"embeddable":true,"href":"https:\/\/imagingshop.es\/index.php?rest_route=%2Fwp%2Fv2%2Fcomments&post=465"}],"version-history":[{"count":81,"href":"https:\/\/imagingshop.es\/index.php?rest_route=\/wp\/v2\/pages\/465\/revisions"}],"predecessor-version":[{"id":1222,"href":"https:\/\/imagingshop.es\/index.php?rest_route=\/wp\/v2\/pages\/465\/revisions\/1222"}],"wp:attachment":[{"href":"https:\/\/imagingshop.es\/index.php?rest_route=%2Fwp%2Fv2%2Fmedia&parent=465"}],"curies":[{"name":"wp","href":"https:\/\/api.w.org\/{rel}","templated":true}]}}