{"id":1056,"date":"2023-06-13T17:55:41","date_gmt":"2023-06-13T17:55:41","guid":{"rendered":"https:\/\/imagingshop.es\/?page_id=1056"},"modified":"2023-06-15T12:10:05","modified_gmt":"2023-06-15T12:10:05","slug":"productos-y-servicios","status":"publish","type":"page","link":"https:\/\/imagingshop.es\/?page_id=1056","title":{"rendered":"Productos y Servicios"},"content":{"rendered":"<p>\u00a0 \u00a0Ofrecemos diferentes formatos, acabados especiales, variedad de materiales de impresi\u00f3n y la capacidad de imprimir en diversos tama\u00f1os y soportes.<\/p>\n<style>\/*! elementor - v3.13.3 - 28-05-2023 *\/\n.elementor-heading-title{padding:0;margin:0;line-height:1}.elementor-widget-heading .elementor-heading-title[class*=elementor-size-]>a{color:inherit;font-size:inherit;line-height:inherit}.elementor-widget-heading .elementor-heading-title.elementor-size-small{font-size:15px}.elementor-widget-heading .elementor-heading-title.elementor-size-medium{font-size:19px}.elementor-widget-heading .elementor-heading-title.elementor-size-large{font-size:29px}.elementor-widget-heading .elementor-heading-title.elementor-size-xl{font-size:39px}.elementor-widget-heading .elementor-heading-title.elementor-size-xxl{font-size:59px}<\/style>\n<h2>Folletos<\/h2>\n<p style=\"text-align: center;\">\u00a0 \u00a0Creamos y producimos materiales de marketing visualmente atractivos que son esenciales para promover y comunicar eficazmente los productos y servicios de una empresa. y convincentes para captar la atenci\u00f3n.<\/p>\n<style>\/*! elementor - v3.13.3 - 28-05-2023 *\/\n.elementor-widget-image{text-align:center}.elementor-widget-image a{display:inline-block}.elementor-widget-image a img[src$=\".svg\"]{width:48px}.elementor-widget-image img{vertical-align:middle;display:inline-block}<\/style>\n<p>\t\t\t\t\t\t\t\t\t\t\t\t<img decoding=\"async\" width=\"1024\" height=\"433\" src=\"https:\/\/imagingshop.es\/wp-content\/uploads\/2023\/06\/9073697-1024x433.jpg\" alt=\"\" loading=\"lazy\" srcset=\"https:\/\/imagingshop.es\/wp-content\/uploads\/2023\/06\/9073697-1024x433.jpg 1024w, https:\/\/imagingshop.es\/wp-content\/uploads\/2023\/06\/9073697-300x127.jpg 300w, https:\/\/imagingshop.es\/wp-content\/uploads\/2023\/06\/9073697-768x325.jpg 768w, https:\/\/imagingshop.es\/wp-content\/uploads\/2023\/06\/9073697-1536x650.jpg 1536w, https:\/\/imagingshop.es\/wp-content\/uploads\/2023\/06\/9073697-2048x866.jpg 2048w\" sizes=\"(max-width: 1024px) 100vw, 1024px\" \/><br \/>\n\t\t\t\t\t\t\t\t\t\t\t\t\t\t\t<img decoding=\"async\" width=\"1024\" height=\"683\" src=\"https:\/\/imagingshop.es\/wp-content\/uploads\/2023\/06\/stationery_2_01-1024x683.jpg\" alt=\"\" loading=\"lazy\" srcset=\"https:\/\/imagingshop.es\/wp-content\/uploads\/2023\/06\/stationery_2_01-1024x683.jpg 1024w, https:\/\/imagingshop.es\/wp-content\/uploads\/2023\/06\/stationery_2_01-300x200.jpg 300w, https:\/\/imagingshop.es\/wp-content\/uploads\/2023\/06\/stationery_2_01-768x512.jpg 768w, https:\/\/imagingshop.es\/wp-content\/uploads\/2023\/06\/stationery_2_01-1536x1024.jpg 1536w, https:\/\/imagingshop.es\/wp-content\/uploads\/2023\/06\/stationery_2_01-2048x1366.jpg 2048w\" sizes=\"(max-width: 1024px) 100vw, 1024px\" \/>\t\t\t\t\t\t\t\t\t\t\t\t\t\t\t<\/p>\n<h2>Papeler\u00eda<\/h2>\n<p style=\"text-align: center;\">\u00a0 \u00a0Combinamos la creatividad del dise\u00f1o con la precisi\u00f3n de la impresi\u00f3n para entregar materiales de alta calidad que fortalecen la imagen de marca y facilitan la comunicaci\u00f3n efectiva en el entorno empresarial.<\/p>\n<p>\t\t\t\t\t\t\t\t\t\t\t\t\t\t\t<img decoding=\"async\" width=\"1024\" height=\"683\" src=\"https:\/\/imagingshop.es\/wp-content\/uploads\/2023\/06\/stationery_2_01-1024x683.jpg\" alt=\"\" loading=\"lazy\" srcset=\"https:\/\/imagingshop.es\/wp-content\/uploads\/2023\/06\/stationery_2_01-1024x683.jpg 1024w, https:\/\/imagingshop.es\/wp-content\/uploads\/2023\/06\/stationery_2_01-300x200.jpg 300w, https:\/\/imagingshop.es\/wp-content\/uploads\/2023\/06\/stationery_2_01-768x512.jpg 768w, https:\/\/imagingshop.es\/wp-content\/uploads\/2023\/06\/stationery_2_01-1536x1024.jpg 1536w, https:\/\/imagingshop.es\/wp-content\/uploads\/2023\/06\/stationery_2_01-2048x1366.jpg 2048w\" sizes=\"(max-width: 1024px) 100vw, 1024px\" \/>\t\t\t\t\t\t\t\t\t\t\t\t\t\t\t<\/p>\n<h2>Papeler\u00eda<\/h2>\n<p style=\"text-align: center;\">\u00a0 \u00a0Combinamos la creatividad del dise\u00f1o con la precisi\u00f3n de la impresi\u00f3n para entregar materiales de alta calidad que fortalecen la imagen de marca y facilitan la comunicaci\u00f3n efectiva en el entorno empresarial.<\/p>\n<h2>Gran Formato<\/h2>\n<p style=\"text-align: center;\">Dise\u00f1os adaptados a las dimensiones y caracter\u00edsticas del formato grande. Cuidamos la resoluci\u00f3n de las im\u00e1genes, la legibilidad del texto y la armon\u00eda visual para garantizar que el mensaje se transmita con claridad y impacto.<\/p>\n<p>\t\t\t\t\t\t\t\t\t\t\t\t\t\t\t<img decoding=\"async\" width=\"1024\" height=\"683\" src=\"https:\/\/imagingshop.es\/wp-content\/uploads\/2023\/06\/557-1024x683.jpg\" alt=\"\" loading=\"lazy\" srcset=\"https:\/\/imagingshop.es\/wp-content\/uploads\/2023\/06\/557-1024x683.jpg 1024w, https:\/\/imagingshop.es\/wp-content\/uploads\/2023\/06\/557-300x200.jpg 300w, https:\/\/imagingshop.es\/wp-content\/uploads\/2023\/06\/557-768x512.jpg 768w, https:\/\/imagingshop.es\/wp-content\/uploads\/2023\/06\/557-1536x1024.jpg 1536w, https:\/\/imagingshop.es\/wp-content\/uploads\/2023\/06\/557-2048x1366.jpg 2048w\" sizes=\"(max-width: 1024px) 100vw, 1024px\" \/>\t\t\t\t\t\t\t\t\t\t\t\t\t\t\t<\/p>\n<style>\/*! elementor - v3.13.3 - 28-05-2023 *\/\n.elementor-widget-divider{--divider-border-style:none;--divider-border-width:1px;--divider-color:#0c0d0e;--divider-icon-size:20px;--divider-element-spacing:10px;--divider-pattern-height:24px;--divider-pattern-size:20px;--divider-pattern-url:none;--divider-pattern-repeat:repeat-x}.elementor-widget-divider .elementor-divider{display:flex}.elementor-widget-divider .elementor-divider__text{font-size:15px;line-height:1;max-width:95%}.elementor-widget-divider .elementor-divider__element{margin:0 var(--divider-element-spacing);flex-shrink:0}.elementor-widget-divider .elementor-icon{font-size:var(--divider-icon-size)}.elementor-widget-divider .elementor-divider-separator{display:flex;margin:0;direction:ltr}.elementor-widget-divider--view-line_icon .elementor-divider-separator,.elementor-widget-divider--view-line_text .elementor-divider-separator{align-items:center}.elementor-widget-divider--view-line_icon .elementor-divider-separator:after,.elementor-widget-divider--view-line_icon .elementor-divider-separator:before,.elementor-widget-divider--view-line_text .elementor-divider-separator:after,.elementor-widget-divider--view-line_text .elementor-divider-separator:before{display:block;content:\"\";border-bottom:0;flex-grow:1;border-top:var(--divider-border-width) var(--divider-border-style) var(--divider-color)}.elementor-widget-divider--element-align-left .elementor-divider .elementor-divider-separator>.elementor-divider__svg:first-of-type{flex-grow:0;flex-shrink:100}.elementor-widget-divider--element-align-left .elementor-divider-separator:before{content:none}.elementor-widget-divider--element-align-left .elementor-divider__element{margin-left:0}.elementor-widget-divider--element-align-right .elementor-divider .elementor-divider-separator>.elementor-divider__svg:last-of-type{flex-grow:0;flex-shrink:100}.elementor-widget-divider--element-align-right .elementor-divider-separator:after{content:none}.elementor-widget-divider--element-align-right .elementor-divider__element{margin-right:0}.elementor-widget-divider:not(.elementor-widget-divider--view-line_text):not(.elementor-widget-divider--view-line_icon) .elementor-divider-separator{border-top:var(--divider-border-width) var(--divider-border-style) var(--divider-color)}.elementor-widget-divider--separator-type-pattern{--divider-border-style:none}.elementor-widget-divider--separator-type-pattern.elementor-widget-divider--view-line .elementor-divider-separator,.elementor-widget-divider--separator-type-pattern:not(.elementor-widget-divider--view-line) .elementor-divider-separator:after,.elementor-widget-divider--separator-type-pattern:not(.elementor-widget-divider--view-line) .elementor-divider-separator:before,.elementor-widget-divider--separator-type-pattern:not([class*=elementor-widget-divider--view]) .elementor-divider-separator{width:100%;min-height:var(--divider-pattern-height);-webkit-mask-size:var(--divider-pattern-size) 100%;mask-size:var(--divider-pattern-size) 100%;-webkit-mask-repeat:var(--divider-pattern-repeat);mask-repeat:var(--divider-pattern-repeat);background-color:var(--divider-color);-webkit-mask-image:var(--divider-pattern-url);mask-image:var(--divider-pattern-url)}.elementor-widget-divider--no-spacing{--divider-pattern-size:auto}.elementor-widget-divider--bg-round{--divider-pattern-repeat:round}.rtl .elementor-widget-divider .elementor-divider__text{direction:rtl}.e-con-inner>.elementor-widget-divider,.e-con>.elementor-widget-divider{width:var(--container-widget-width,100%);--flex-grow:var(--container-widget-flex-grow)}<\/style>\n<p>Resultados n\u00edtidos, colores vibrantes y detalles precisos en cada proyecto.<\/p>\n<p>\t\t\t\t\t\t\t\t\t\t\t\t\t\t\t<img decoding=\"async\" width=\"1024\" height=\"777\" src=\"https:\/\/imagingshop.es\/wp-content\/uploads\/2023\/06\/concepto-creatividad-diseno-ideas-creativas-1024x777.jpg\" alt=\"\" loading=\"lazy\" srcset=\"https:\/\/imagingshop.es\/wp-content\/uploads\/2023\/06\/concepto-creatividad-diseno-ideas-creativas-1024x777.jpg 1024w, https:\/\/imagingshop.es\/wp-content\/uploads\/2023\/06\/concepto-creatividad-diseno-ideas-creativas-300x228.jpg 300w, https:\/\/imagingshop.es\/wp-content\/uploads\/2023\/06\/concepto-creatividad-diseno-ideas-creativas-768x583.jpg 768w, https:\/\/imagingshop.es\/wp-content\/uploads\/2023\/06\/concepto-creatividad-diseno-ideas-creativas-1536x1166.jpg 1536w, https:\/\/imagingshop.es\/wp-content\/uploads\/2023\/06\/concepto-creatividad-diseno-ideas-creativas-2048x1555.jpg 2048w\" sizes=\"(max-width: 1024px) 100vw, 1024px\" \/>\t\t\t\t\t\t\t\t\t\t\t\t\t\t\t<\/p>\n<h2>Dise\u00f1o<\/h2>\n<p style=\"text-align: center;\">Ofrecemos un servicio especializado que transforma ideas y conceptos en dise\u00f1os visuales atractivos y efectivos. Desde el dise\u00f1o de logotipos y identidad de marca hasta la creaci\u00f3n de dise\u00f1os para folletos, carteles, tarjetas de visita y m\u00e1s, esta empresa se dedica a ofrecer soluciones de dise\u00f1o personalizadas y profesionales.<\/p>\n<h2>Tarjetas<\/h2>\n<p style=\"text-align: center;\">\u00a0 \u00a0Elegimos cuidadosamente materiales para producir tarjetas de visita y tarjetas personalizadas de alta calidad. Estas tarjetas representan la imagen profesional de una empresa y son una herramienta esencial para establecer contactos comerciales exitosos y promover la marca en el mercado.<\/p>\n<p>\t\t\t\t\t\t\t\t\t\t\t\t\t\t\t<img decoding=\"async\" width=\"1024\" height=\"1024\" src=\"https:\/\/imagingshop.es\/wp-content\/uploads\/2023\/06\/8212294-1024x1024.jpg\" alt=\"\" loading=\"lazy\" srcset=\"https:\/\/imagingshop.es\/wp-content\/uploads\/2023\/06\/8212294-1024x1024.jpg 1024w, https:\/\/imagingshop.es\/wp-content\/uploads\/2023\/06\/8212294-300x300.jpg 300w, https:\/\/imagingshop.es\/wp-content\/uploads\/2023\/06\/8212294-150x150.jpg 150w, https:\/\/imagingshop.es\/wp-content\/uploads\/2023\/06\/8212294-768x768.jpg 768w, https:\/\/imagingshop.es\/wp-content\/uploads\/2023\/06\/8212294-1536x1536.jpg 1536w, https:\/\/imagingshop.es\/wp-content\/uploads\/2023\/06\/8212294-600x600.jpg 600w, https:\/\/imagingshop.es\/wp-content\/uploads\/2023\/06\/8212294.jpg 2000w\" sizes=\"(max-width: 1024px) 100vw, 1024px\" \/><br \/>\n\t\t\t\t\t\t\t\t\t\t\t\t\t\t\t<img decoding=\"async\" width=\"1024\" height=\"1024\" src=\"https:\/\/imagingshop.es\/wp-content\/uploads\/2023\/06\/10818-1024x1024.jpg\" alt=\"\" loading=\"lazy\" srcset=\"https:\/\/imagingshop.es\/wp-content\/uploads\/2023\/06\/10818-1024x1024.jpg 1024w, https:\/\/imagingshop.es\/wp-content\/uploads\/2023\/06\/10818-300x300.jpg 300w, https:\/\/imagingshop.es\/wp-content\/uploads\/2023\/06\/10818-150x150.jpg 150w, https:\/\/imagingshop.es\/wp-content\/uploads\/2023\/06\/10818-768x768.jpg 768w, https:\/\/imagingshop.es\/wp-content\/uploads\/2023\/06\/10818-1536x1536.jpg 1536w, https:\/\/imagingshop.es\/wp-content\/uploads\/2023\/06\/10818-2048x2048.jpg 2048w, https:\/\/imagingshop.es\/wp-content\/uploads\/2023\/06\/10818-600x600.jpg 600w\" sizes=\"(max-width: 1024px) 100vw, 1024px\" \/>\t\t\t\t\t\t\t\t\t\t\t\t\t\t\t<\/p>\n<h2>Merchandising<\/h2>\n<p style=\"text-align: center;\">Producimos art\u00edculos promocionales y productos personalizados de alta calidad como herramienta de promoci\u00f3n\u00a0para generar reconocimiento de marca, fortalecer la lealtad del cliente y aumentar la visibilidad de la empresa.<\/p>\n<p>\t\t\t\t\t\t\t\t\t\t\t\t\t\t\t<img decoding=\"async\" width=\"1024\" height=\"1024\" src=\"https:\/\/imagingshop.es\/wp-content\/uploads\/2023\/06\/10818-1024x1024.jpg\" alt=\"\" loading=\"lazy\" srcset=\"https:\/\/imagingshop.es\/wp-content\/uploads\/2023\/06\/10818-1024x1024.jpg 1024w, https:\/\/imagingshop.es\/wp-content\/uploads\/2023\/06\/10818-300x300.jpg 300w, https:\/\/imagingshop.es\/wp-content\/uploads\/2023\/06\/10818-150x150.jpg 150w, https:\/\/imagingshop.es\/wp-content\/uploads\/2023\/06\/10818-768x768.jpg 768w, https:\/\/imagingshop.es\/wp-content\/uploads\/2023\/06\/10818-1536x1536.jpg 1536w, https:\/\/imagingshop.es\/wp-content\/uploads\/2023\/06\/10818-2048x2048.jpg 2048w, https:\/\/imagingshop.es\/wp-content\/uploads\/2023\/06\/10818-600x600.jpg 600w\" sizes=\"(max-width: 1024px) 100vw, 1024px\" \/>\t\t\t\t\t\t\t\t\t\t\t\t\t\t\t<\/p>\n<h2>Merchandising<\/h2>\n<p style=\"text-align: center;\">Producimos art\u00edculos promocionales y productos personalizados de alta calidad como herramienta de promoci\u00f3n\u00a0para generar reconocimiento de marca, fortalecer la lealtad del cliente y aumentar la visibilidad de la empresa.<\/p>\n","protected":false},"excerpt":{"rendered":"<p>\u00a0 \u00a0Ofrecemos diferentes formatos, acabados especiales, variedad de materiales de impresi\u00f3n y la capacidad de imprimir en diversos tama\u00f1os y soportes. Folletos \u00a0 \u00a0Creamos y producimos materiales de marketing visualmente atractivos que son esenciales para promover y comunicar eficazmente los productos y servicios de una empresa. y convincentes para captar la atenci\u00f3n. Papeler\u00eda \u00a0 \u00a0Combinamos [&hellip;]<\/p>\n","protected":false},"author":1,"featured_media":0,"parent":0,"menu_order":0,"comment_status":"closed","ping_status":"open","template":"","meta":{"footnotes":""},"_links":{"self":[{"href":"https:\/\/imagingshop.es\/index.php?rest_route=\/wp\/v2\/pages\/1056"}],"collection":[{"href":"https:\/\/imagingshop.es\/index.php?rest_route=\/wp\/v2\/pages"}],"about":[{"href":"https:\/\/imagingshop.es\/index.php?rest_route=\/wp\/v2\/types\/page"}],"author":[{"embeddable":true,"href":"https:\/\/imagingshop.es\/index.php?rest_route=\/wp\/v2\/users\/1"}],"replies":[{"embeddable":true,"href":"https:\/\/imagingshop.es\/index.php?rest_route=%2Fwp%2Fv2%2Fcomments&post=1056"}],"version-history":[{"count":31,"href":"https:\/\/imagingshop.es\/index.php?rest_route=\/wp\/v2\/pages\/1056\/revisions"}],"predecessor-version":[{"id":1194,"href":"https:\/\/imagingshop.es\/index.php?rest_route=\/wp\/v2\/pages\/1056\/revisions\/1194"}],"wp:attachment":[{"href":"https:\/\/imagingshop.es\/index.php?rest_route=%2Fwp%2Fv2%2Fmedia&parent=1056"}],"curies":[{"name":"wp","href":"https:\/\/api.w.org\/{rel}","templated":true}]}}